{"id":17,"date":"2024-02-26T07:56:27","date_gmt":"2024-02-26T07:56:27","guid":{"rendered":"https:\/\/rentmyart.lnbd.lu\/?page_id=17"},"modified":"2024-03-12T08:00:14","modified_gmt":"2024-03-12T08:00:14","slug":"a-propos-de-rent-my-art","status":"publish","type":"page","link":"https:\/\/rentmyart.lnbd.lu\/?page_id=17","title":{"rendered":"\u00c0 Propos de Rent My Art"},"content":{"rendered":"\n<p><\/p>\n\n\n\n<p><\/p>\n\n\n\n<p>Rent My Art est bien plus qu&#8217;une simple plateforme de location d&#8217;\u0153uvres d&#8217;art. C&#8217;est une r\u00e9volution dans la fa\u00e7on dont nous interagissons avec l&#8217;art au quotidien. Notre mission est de d\u00e9mocratiser l&#8217;art en le rendant accessible \u00e0 tous, tout en offrant aux artistes une nouvelle vitrine pour leur travail et une source de revenus suppl\u00e9mentaires.<\/p>\n\n\n\n<p>Chez Rent My Art, nous croyons fermement que chaque personne devrait avoir la possibilit\u00e9 de vivre avec de l&#8217;art authentique et inspirant dans son environnement personnel. Que vous soyez un amateur d&#8217;art passionn\u00e9, un collectionneur en herbe ou simplement \u00e0 la recherche d&#8217;une mani\u00e8re unique de d\u00e9corer votre espace, nous avons ce qu&#8217;il vous faut.<\/p>\n\n\n\n<p>Notre plateforme offre une s\u00e9lection diversifi\u00e9e d&#8217;\u0153uvres d&#8217;art, allant des peintures aux photographies en passant par les illustrations et les \u0153uvres graphiques. Chaque pi\u00e8ce est soigneusement s\u00e9lectionn\u00e9e pour son originalit\u00e9, sa qualit\u00e9 et son impact esth\u00e9tique.<\/p>\n\n\n\n<p>Nous sommes fiers de soutenir les artistes \u00e9mergents et \u00e9tablis en leur offrant une nouvelle plateforme pour exposer et mon\u00e9tiser leur travail. En collaborant avec Rent My Art, les artistes ont la possibilit\u00e9 de toucher un public plus large et de g\u00e9n\u00e9rer des revenus r\u00e9guliers gr\u00e2ce \u00e0 la location de leurs \u0153uvres.<\/p>\n\n\n\n<p>Que vous soyez un artiste cherchant \u00e0 \u00e9tendre votre port\u00e9e ou un amateur d&#8217;art \u00e0 la recherche de nouvelles inspirations, Rent My Art est l\u00e0 pour vous. Rejoignez-nous dans cette aventure passionnante pour red\u00e9finir la fa\u00e7on dont nous vivons avec l&#8217;art.<\/p>\n\n\n\n<p>Bienvenue chez Rent My Art &#8211; o\u00f9 l&#8217;art devient accessible \u00e0 tous.<\/p>\n","protected":false},"excerpt":{"rendered":"<p>Rent My Art est bien plus qu&#8217;une simple plateforme de location d&#8217;\u0153uvres d&#8217;art. C&#8217;est une r\u00e9volution dans la fa\u00e7on dont nous interagissons avec l&#8217;art au quotidien. Notre mission est de d\u00e9mocratiser l&#8217;art en le rendant accessible \u00e0 tous, tout en offrant aux artistes une nouvelle vitrine pour leur travail et une source de revenus suppl\u00e9mentaires. [&hellip;]<\/p>\n","protected":false},"author":1,"featured_media":0,"parent":0,"menu_order":0,"comment_status":"closed","ping_status":"closed","template":"","meta":{"footnotes":""},"class_list":["post-17","page","type-page","status-publish","hentry"],"_links":{"self":[{"href":"https:\/\/rentmyart.lnbd.lu\/index.php?rest_route=\/wp\/v2\/pages\/17","targetHints":{"allow":["GET"]}}],"collection":[{"href":"https:\/\/rentmyart.lnbd.lu\/index.php?rest_route=\/wp\/v2\/pages"}],"about":[{"href":"https:\/\/rentmyart.lnbd.lu\/index.php?rest_route=\/wp\/v2\/types\/page"}],"author":[{"embeddable":true,"href":"https:\/\/rentmyart.lnbd.lu\/index.php?rest_route=\/wp\/v2\/users\/1"}],"replies":[{"embeddable":true,"href":"https:\/\/rentmyart.lnbd.lu\/index.php?rest_route=%2Fwp%2Fv2%2Fcomments&post=17"}],"version-history":[{"count":2,"href":"https:\/\/rentmyart.lnbd.lu\/index.php?rest_route=\/wp\/v2\/pages\/17\/revisions"}],"predecessor-version":[{"id":26,"href":"https:\/\/rentmyart.lnbd.lu\/index.php?rest_route=\/wp\/v2\/pages\/17\/revisions\/26"}],"wp:attachment":[{"href":"https:\/\/rentmyart.lnbd.lu\/index.php?rest_route=%2Fwp%2Fv2%2Fmedia&parent=17"}],"curies":[{"name":"wp","href":"https:\/\/api.w.org\/{rel}","templated":true}]}}